{"id":655,"date":"2017-10-03T19:48:36","date_gmt":"2017-10-03T17:48:36","guid":{"rendered":"https:\/\/arnold.siegrist.io\/?page_id=655"},"modified":"2017-10-04T12:47:15","modified_gmt":"2017-10-04T10:47:15","slug":"willkommen","status":"publish","type":"page","link":"https:\/\/arnold.siegrist.io\/","title":{"rendered":"Willkommen"},"content":{"rendered":"<p>Diese Homepage ist meinem Vater, Arnold Siegrist, gewidmet, der 2019 seinen 100. Geburtstag feiern k\u00f6nnte.<\/p>\n<p>Es ist eine Auswahl an Fotos, die er zu einem grossen Teil selber abgelichtet und bis 1974 oft auch im Fotolabor entwickelt hat, und die ich ins digitale Zeitalter hin\u00fcber retten m\u00f6chte.<\/p>\n<p>F\u00fcr Anregungen oder Zusendung von weiteren seiner Fotografien, die noch nicht in dieser Sammlung enthalten sind, w\u00e4re ich dankbar!<\/p>\n<p>Hene Siegrist, Oktober 2017<\/p>\n<p>E-Mail: h.e.n.e@gmx.ch<\/p>\n<p>&nbsp;<\/p>\n","protected":false},"excerpt":{"rendered":"<p>Diese Homepage ist meinem Vater, Arnold Siegrist, gewidmet, der 2019 seinen 100. Geburtstag feiern k\u00f6nnte. Es ist eine Auswahl an Fotos, die er zu einem grossen Teil selber abgelichtet und bis 1974 oft auch im Fotolabor entwickelt hat, und die ich ins digitale Zeitalter hin\u00fcber retten m\u00f6chte. F\u00fcr Anregungen oder Zusendung von weiteren seiner Fotografien, &hellip; <\/p>\n<p class=\"link-more\"><a href=\"https:\/\/arnold.siegrist.io\/\" class=\"more-link\"><span class=\"screen-reader-text\">\u201eWillkommen\u201c<\/span> weiterlesen<\/a><\/p>\n","protected":false},"author":2,"featured_media":0,"parent":0,"menu_order":0,"comment_status":"closed","ping_status":"closed","template":"","meta":{"footnotes":""},"class_list":["post-655","page","type-page","status-publish","hentry"],"_links":{"self":[{"href":"https:\/\/arnold.siegrist.io\/index.php?rest_route=\/wp\/v2\/pages\/655","targetHints":{"allow":["GET"]}}],"collection":[{"href":"https:\/\/arnold.siegrist.io\/index.php?rest_route=\/wp\/v2\/pages"}],"about":[{"href":"https:\/\/arnold.siegrist.io\/index.php?rest_route=\/wp\/v2\/types\/page"}],"author":[{"embeddable":true,"href":"https:\/\/arnold.siegrist.io\/index.php?rest_route=\/wp\/v2\/users\/2"}],"replies":[{"embeddable":true,"href":"https:\/\/arnold.siegrist.io\/index.php?rest_route=%2Fwp%2Fv2%2Fcomments&post=655"}],"version-history":[{"count":4,"href":"https:\/\/arnold.siegrist.io\/index.php?rest_route=\/wp\/v2\/pages\/655\/revisions"}],"predecessor-version":[{"id":719,"href":"https:\/\/arnold.siegrist.io\/index.php?rest_route=\/wp\/v2\/pages\/655\/revisions\/719"}],"wp:attachment":[{"href":"https:\/\/arnold.siegrist.io\/index.php?rest_route=%2Fwp%2Fv2%2Fmedia&parent=655"}],"curies":[{"name":"wp","href":"https:\/\/api.w.org\/{rel}","templated":true}]}}